{"id":840,"date":"2025-09-10T13:09:53","date_gmt":"2025-09-10T04:09:53","guid":{"rendered":"https:\/\/www.imageforumfestival.com\/2025\/?page_id=840"},"modified":"2025-11-05T18:26:35","modified_gmt":"2025-11-05T09:26:35","slug":"program-n","status":"publish","type":"page","link":"https:\/\/www.imageforumfestival.com\/2025\/en\/program-n\/","title":{"rendered":"\u300aN\u300bWorks by R\u00e9ka BUCSI &#038; Current Art Animations from Europe"},"content":{"rendered":"<div class=\"film-list\">\n<div class=\"capimg\">\n    <img decoding=\"async\" src=\"\/2025\/images\/N1_synphony-no42.jpg\" alt=\"\" \/>Symphony No. 42\n  <\/div>\n<div>\n    <span>Hungary \/ France \/ Denmark \/ Austria<\/span><\/p>\n<h2>Works by R\u00e9ka BUCSI &#038; Current Art Animations from Europe<\/h2>\n<h3>6 works, 67 min.<\/h3>\n<p>    A program of works by spirited animation creator R\u00e9ka BUCSI + a showcase of the latest European art animation.<\/p>\n<p>    R\u00e9ka BUCSI is a Hungarian-born animated filmmaker. With her surreal and unique style of animation imbued with the essence of science fiction and magical realism, BUCSI\u2019s works have been nominated for awards at major international festivals including the Berlin International Film Festival and the Ottawa International Animation Festival. This program features four works by this creator of spirited animation that have never been shown in Japan, including works from her early period, along with two works selected from among those screened at this year\u2019s Annecy International Animation Film Festival where she served as a member of the jury. An overview of the latest European art animation.<\/p>\n<p>    <strong>Symphony No. 42<\/strong>\u3000R\u00e9ka BUCSI \/ digital \/ 10min \/ 2014\uff08Hungary\uff09<br \/>\n    <strong>LOVE<\/strong>\u3000R\u00e9ka BUCSI \/ digital \/ 14min \/ 2016\uff08Hungary + France\uff09<br \/>\n    <strong>Intermission<\/strong>\u3000R\u00e9ka BUCSI \/ digital \/ 5min \/ 2022\uff08Hungary\uff09<br \/>\n    <strong>Solar Walk<\/strong>\u3000R\u00e9ka BUCSI \/ digital \/ 21min \/ 2018\uff08Denmark\uff09<br \/>\n    <strong>Capriccio<\/strong>\u3000G\u00e1bor ULRICH \/ digital \/ 5min \/ 2025\uff08Hungary\uff09<br \/>\n    <strong>Stampfer Dreams<\/strong>\u3000Thomas RENOLDNER \/ digital \/ 12min \/ 2025\uff08Austria\uff09\n  <\/div>\n<\/div>\n","protected":false},"excerpt":{"rendered":"<p>Symphony No. 42 Hungary \/ France \/ Denmark \/ Austria Works by R\u00e9ka BUCSI &#038; Current Art Animations from Europe 6 works, 67 min. A program of works by spirited animation creator R\u00e9ka BUCSI + a showcase of the latest European art animation. R\u00e9ka BUCSI is a Hungarian-born animated filmmaker. With her surreal and unique [&hellip;]<\/p>\n","protected":false},"author":1,"featured_media":0,"parent":0,"menu_order":0,"comment_status":"closed","ping_status":"closed","template":"program.php","meta":{"_acf_changed":false,"_locale":"en_US","_original_post":"https:\/\/www.imageforumfestival.com\/2025\/?page_id=838","footnotes":""},"class_list":["post-840","page","type-page","status-publish","hentry","en-US"],"acf":[],"_links":{"self":[{"href":"https:\/\/www.imageforumfestival.com\/2025\/wp-json\/wp\/v2\/pages\/840","targetHints":{"allow":["GET"]}}],"collection":[{"href":"https:\/\/www.imageforumfestival.com\/2025\/wp-json\/wp\/v2\/pages"}],"about":[{"href":"https:\/\/www.imageforumfestival.com\/2025\/wp-json\/wp\/v2\/types\/page"}],"author":[{"embeddable":true,"href":"https:\/\/www.imageforumfestival.com\/2025\/wp-json\/wp\/v2\/users\/1"}],"replies":[{"embeddable":true,"href":"https:\/\/www.imageforumfestival.com\/2025\/wp-json\/wp\/v2\/comments?post=840"}],"version-history":[{"count":4,"href":"https:\/\/www.imageforumfestival.com\/2025\/wp-json\/wp\/v2\/pages\/840\/revisions"}],"predecessor-version":[{"id":1016,"href":"https:\/\/www.imageforumfestival.com\/2025\/wp-json\/wp\/v2\/pages\/840\/revisions\/1016"}],"wp:attachment":[{"href":"https:\/\/www.imageforumfestival.com\/2025\/wp-json\/wp\/v2\/media?parent=840"}],"curies":[{"name":"wp","href":"https:\/\/api.w.org\/{rel}","templated":true}]}}