{"id":836,"date":"2025-09-10T13:06:41","date_gmt":"2025-09-10T04:06:41","guid":{"rendered":"https:\/\/www.imageforumfestival.com\/2025\/?page_id=836"},"modified":"2025-10-13T16:59:16","modified_gmt":"2025-10-13T07:59:16","slug":"program-m","status":"publish","type":"page","link":"https:\/\/www.imageforumfestival.com\/2025\/en\/program-m\/","title":{"rendered":"\u300aM\u300bPioneers: Lithuanian Documentaries Directed by Women"},"content":{"rendered":"<div class=\"film-list\">\n<div class=\"capimg\">\n    <img decoding=\"async\" src=\"\/2025\/images\/M2_A-local.jpg\" alt=\"\" \/>A Local\n  <\/div>\n<div>\n    <span>Lithuania<\/span><\/p>\n<h2>Pioneers: Lithuanian Documentaries Directed by Women<\/h2>\n<h3>6 works, 109 min.<\/h3>\n<p>    The gaze of women looking at women. A program of works by Lithuanian documentary filmmakers active from the Soviet era to after independence.<\/p>\n<p>    A series of works by female filmmakers that have recently been restored by Meno Avilys, an independent Lithuanian moving image archive\/library. Women in various positions in society, from children to nude models and textile workers, are viewed from each filmmaker\u2019s unique perspective. An anthology in which various techniques are attempted, including personal, poetic, and hybrid narrative filmmaking.<\/p>\n<p>    <strong>Birth of Character<\/strong>\u3000Antanina PAVLOVA \/ 35mm (digital version) \/ 10min \/ 1967\uff08Lithuanian SSR\uff09<br \/>\n    <strong>A Local<\/strong>\u3000Diana and Kornelijus MATUZEVI\u010cIAI \/ 35mm (digital version) \/ 26min \/ 2001\uff08Lithuania\uff09<br \/>\n    <strong>Venus with a Cat<\/strong>\u3000Janina LAPINSKAIT\u0116 \/ 35mm (digital version) \/ 24min \/ 1997\uff08Lithuania\uff09<br \/>\n    <strong>Beatri\u010d\u0117<\/strong>\u3000Jadvyga Zinaida JANULEVI\u010cI\u016aT\u0116 \/ 35mm (digital version) \/ 15min \/ 1968\uff08Lithuanian SSR\uff09<br \/>\n    <strong>Every Night I Dream<\/strong>\u3000Bytaut\u0117 PAJ\u0116DIEN\u0116 \/ 35mm (digital version) \/ 10min \/ 1979\uff08Lithuanian SSR\uff09<br \/>\n    <strong>The Nude<\/strong>\u3000Janina LAPINSKAIT\u0116 \/ 35mm (digital version) \/ 24min \/ 2000\uff08Lithuania\uff09<\/p>\n<p>    \u25ba Curated by: Lina KAMINSKAIT\u0116-JAN\u010cORIEN\u0116 (film researcher)<br \/>\n    \u25ba Tue, Sep 30 at 6:30pm \u2013 Guest talk by Lina KAMINSKAIT\u0116-JAN\u010cORIEN\u0116 following the screening\n  <\/div>\n<\/div>\n","protected":false},"excerpt":{"rendered":"<p>A Local Lithuania Pioneers: Lithuanian Documentaries Directed by Women 6 works, 109 min. The gaze of women looking at women. A program of works by Lithuanian documentary filmmakers active from the Soviet era to after independence. A series of works by female filmmakers that have recently been restored by Meno Avilys, an independent Lithuanian moving [&hellip;]<\/p>\n","protected":false},"author":1,"featured_media":0,"parent":0,"menu_order":0,"comment_status":"closed","ping_status":"closed","template":"program.php","meta":{"_acf_changed":false,"_locale":"en_US","_original_post":"https:\/\/www.imageforumfestival.com\/2025\/?page_id=834","footnotes":""},"class_list":["post-836","page","type-page","status-publish","hentry","en-US"],"acf":[],"_links":{"self":[{"href":"https:\/\/www.imageforumfestival.com\/2025\/wp-json\/wp\/v2\/pages\/836","targetHints":{"allow":["GET"]}}],"collection":[{"href":"https:\/\/www.imageforumfestival.com\/2025\/wp-json\/wp\/v2\/pages"}],"about":[{"href":"https:\/\/www.imageforumfestival.com\/2025\/wp-json\/wp\/v2\/types\/page"}],"author":[{"embeddable":true,"href":"https:\/\/www.imageforumfestival.com\/2025\/wp-json\/wp\/v2\/users\/1"}],"replies":[{"embeddable":true,"href":"https:\/\/www.imageforumfestival.com\/2025\/wp-json\/wp\/v2\/comments?post=836"}],"version-history":[{"count":6,"href":"https:\/\/www.imageforumfestival.com\/2025\/wp-json\/wp\/v2\/pages\/836\/revisions"}],"predecessor-version":[{"id":996,"href":"https:\/\/www.imageforumfestival.com\/2025\/wp-json\/wp\/v2\/pages\/836\/revisions\/996"}],"wp:attachment":[{"href":"https:\/\/www.imageforumfestival.com\/2025\/wp-json\/wp\/v2\/media?parent=836"}],"curies":[{"name":"wp","href":"https:\/\/api.w.org\/{rel}","templated":true}]}}